{"id":2006,"date":"2019-07-01T15:37:20","date_gmt":"2019-07-01T13:37:20","guid":{"rendered":"https:\/\/ebert-rt.de\/leistungen\/generative-fertigung\/"},"modified":"2023-02-15T15:14:38","modified_gmt":"2023-02-15T14:14:38","slug":"generative-manufacturing","status":"publish","type":"page","link":"https:\/\/ebert-rt.de\/en\/services\/generative-manufacturing\/","title":{"rendered":"Generative Manufacturing"},"content":{"rendered":"<p>Die g\u00e4ngigsten und derzeit optimalsten Verfahren sind <a href=\"https:\/\/ebert-rt.de\/leistungen\/generative-fertigung\/selektives-lasersintern-sls\/\">Selektives Lasersintern<\/a>, <a href=\"https:\/\/ebert-rt.de\/leistungen\/generative-fertigung\/stereolithographie-stl-sla\/\">Stereolithografie<\/a>, <a href=\"https:\/\/ebert-rt.de\/leistungen\/generative-fertigung\/fused-deposition-modeling-fdm\/\">Fused Deposition Modeling<\/a>, sowie <a href=\"https:\/\/ebert-rt.de\/leistungen\/generative-fertigung\/polyjet-pj\/\">Polyjet- und Multijet<\/a>-Verfahren. In den letzten Jahren wurden diese Methoden auf noch mehr Anwendungsfelder ausgedehnt. So wird Additive Fertigung mittlerweile neben Prototypen (<a href=\"https:\/\/ebert-rt.de\/leistungen\/rapid-prototyping\/\">Rapid Prototyping<\/a>), auch f\u00fcr Werkzeuge (<a href=\"https:\/\/ebert-rt.de\/leistungen\/rapid-tooling\/\">Rapid Tooling<\/a>) oder bereits f\u00fcr Serienteile (Additive Manufacturing) genutzt. S\u00e4mtliche Verfahren werden in unserem 3D-Druck-Leistungsspektrum angeboten. Anlagen und Werkstoffe sind immer up-to-date.<\/p>\n<p>Allen Verfahren gemeinsam ist ein schichtweiser Materialaufbau zur Erzeugung der Bauteile. Grundlage daf\u00fcr ist die Bereitstellung von Geometrien auf der Basis von 3D CAD- oder STL-Daten. Die Verfahren sind komplex und jedes davon hat seine Vor- und Nachteile. Je nach Methode und Material sind die Modelle f\u00fcr unterschiedliche Einsatzzwecke geeignet. F\u00fcr die Vervielf\u00e4ltigung von Urmodellen kommen oft gie\u00dftechnische Nachfolgeverfahren zum Einsatz, die sowohl f\u00fcr Kunststoffteile wie auch f\u00fcr <a href=\"https:\/\/ebert-rt.de\/leistungen\/metallguss\/\">Metallgussteile<\/a> angewendet werden k\u00f6nnen.<\/p>\n<p>Mit Additve Manufacturing k\u00f6nnen wir auch die werkzeuglose Herstellung von Losgr\u00f6\u00dfe eins oder von kleinen Serien anbieten. Die Additive Fertigung l\u00e4sst also dort ihre Muskeln spielen, wo die konventionelle Fertigung an Grenzen st\u00f6\u00dft. Sie erlaubt einen designorientieren Herstellungsprozess.<\/p>\n<p>Gerne beraten wir Sie und zeigen Ihnen das optimale Verfahren f\u00fcr Ihr Projekt. &#8211; <a href=\"https:\/\/ebert-rt.de\/en\/kontakt\/\">Kontaktieren Sie uns einfach!<\/a><\/p>\n","protected":false},"excerpt":{"rendered":"<p>Die g\u00e4ngigsten und derzeit optimalsten Verfahren sind Selektives Lasersintern, Stereolithografie, Fused Deposition Modeling, sowie Polyjet- und Multijet-Verfahren. In den letzten Jahren wurden diese Methoden auf noch mehr Anwendungsfelder ausgedehnt. So wird Additive Fertigung mittlerweile neben Prototypen (Rapid Prototyping), auch f\u00fcr Werkzeuge (Rapid Tooling) oder bereits f\u00fcr Serienteile (Additive Manufacturing) genutzt. S\u00e4mtliche Verfahren werden in unserem [&hellip;]<\/p>\n","protected":false},"author":1,"featured_media":1105,"parent":2004,"menu_order":0,"comment_status":"closed","ping_status":"closed","template":"page-service.php","meta":{"_acf_changed":false,"content-type":"","footnotes":""},"class_list":["post-2006","page","type-page","status-publish","has-post-thumbnail","hentry"],"acf":[],"yoast_head":"<!-- This site is optimized with the Yoast SEO plugin v27.4 - https:\/\/yoast.com\/product\/yoast-seo-wordpress\/ -->\n<title>Generative Manufacturing &#187; EBERT<\/title>\n<meta name=\"description\" content=\"3D-Druck: Erstellung von Modellen durch Stereolithografie, Selective Laser Sintering und vielen mehr... Lassen Sie sich beraten! \u2713\" \/>\n<meta name=\"robots\" content=\"index, follow, max-snippet:-1, max-image-preview:large, max-video-preview:-1\" \/>\n<link rel=\"canonical\" href=\"https:\/\/ebert-rt.de\/en\/services\/generative-manufacturing\/\" \/>\n<meta property=\"og:locale\" content=\"en_US\" \/>\n<meta property=\"og:type\" content=\"article\" \/>\n<meta property=\"og:title\" content=\"Generative Manufacturing &#187; EBERT\" \/>\n<meta property=\"og:description\" content=\"3D-Druck: Erstellung von Modellen durch Stereolithografie, Selective Laser Sintering und vielen mehr... Lassen Sie sich beraten! \u2713\" \/>\n<meta property=\"og:url\" content=\"https:\/\/ebert-rt.de\/en\/services\/generative-manufacturing\/\" \/>\n<meta property=\"og:site_name\" content=\"EBERT\" \/>\n<meta property=\"article:publisher\" content=\"https:\/\/www.facebook.com\/EBERT.RT\/\" \/>\n<meta property=\"article:modified_time\" content=\"2023-02-15T14:14:38+00:00\" \/>\n<meta property=\"og:image\" content=\"https:\/\/ebert-rt.de\/wp-content\/uploads\/Rapid-Prototyping.png\" \/>\n\t<meta property=\"og:image:width\" content=\"1994\" \/>\n\t<meta property=\"og:image:height\" content=\"1321\" \/>\n\t<meta property=\"og:image:type\" content=\"image\/png\" \/>\n<meta name=\"twitter:card\" content=\"summary_large_image\" \/>\n<meta name=\"twitter:label1\" content=\"Est. reading time\" \/>\n\t<meta name=\"twitter:data1\" content=\"1 minute\" \/>\n<script type=\"application\/ld+json\" class=\"yoast-schema-graph\">{\"@context\":\"https:\\\/\\\/schema.org\",\"@graph\":[{\"@type\":\"WebPage\",\"@id\":\"https:\\\/\\\/ebert-rt.de\\\/en\\\/services\\\/generative-manufacturing\\\/\",\"url\":\"https:\\\/\\\/ebert-rt.de\\\/en\\\/services\\\/generative-manufacturing\\\/\",\"name\":\"Generative Manufacturing &#187; EBERT\",\"isPartOf\":{\"@id\":\"https:\\\/\\\/ebert-rt.de\\\/en\\\/#website\"},\"primaryImageOfPage\":{\"@id\":\"https:\\\/\\\/ebert-rt.de\\\/en\\\/services\\\/generative-manufacturing\\\/#primaryimage\"},\"image\":{\"@id\":\"https:\\\/\\\/ebert-rt.de\\\/en\\\/services\\\/generative-manufacturing\\\/#primaryimage\"},\"thumbnailUrl\":\"https:\\\/\\\/ebert-rt.de\\\/wp-content\\\/uploads\\\/Rapid-Prototyping.png\",\"datePublished\":\"2019-07-01T13:37:20+00:00\",\"dateModified\":\"2023-02-15T14:14:38+00:00\",\"description\":\"3D-Druck: Erstellung von Modellen durch Stereolithografie, Selective Laser Sintering und vielen mehr... Lassen Sie sich beraten! \u2713\",\"breadcrumb\":{\"@id\":\"https:\\\/\\\/ebert-rt.de\\\/en\\\/services\\\/generative-manufacturing\\\/#breadcrumb\"},\"inLanguage\":\"en-US\",\"potentialAction\":[{\"@type\":\"ReadAction\",\"target\":[\"https:\\\/\\\/ebert-rt.de\\\/en\\\/services\\\/generative-manufacturing\\\/\"]}]},{\"@type\":\"ImageObject\",\"inLanguage\":\"en-US\",\"@id\":\"https:\\\/\\\/ebert-rt.de\\\/en\\\/services\\\/generative-manufacturing\\\/#primaryimage\",\"url\":\"https:\\\/\\\/ebert-rt.de\\\/wp-content\\\/uploads\\\/Rapid-Prototyping.png\",\"contentUrl\":\"https:\\\/\\\/ebert-rt.de\\\/wp-content\\\/uploads\\\/Rapid-Prototyping.png\",\"width\":1994,\"height\":1321,\"caption\":\"Gummi und\"},{\"@type\":\"BreadcrumbList\",\"@id\":\"https:\\\/\\\/ebert-rt.de\\\/en\\\/services\\\/generative-manufacturing\\\/#breadcrumb\",\"itemListElement\":[{\"@type\":\"ListItem\",\"position\":1,\"name\":\"Startseite\",\"item\":\"https:\\\/\\\/ebert-rt.de\\\/en\\\/\"},{\"@type\":\"ListItem\",\"position\":2,\"name\":\"SERVICES\",\"item\":\"https:\\\/\\\/ebert-rt.de\\\/en\\\/services\\\/\"},{\"@type\":\"ListItem\",\"position\":3,\"name\":\"Generative Manufacturing\"}]},{\"@type\":\"WebSite\",\"@id\":\"https:\\\/\\\/ebert-rt.de\\\/en\\\/#website\",\"url\":\"https:\\\/\\\/ebert-rt.de\\\/en\\\/\",\"name\":\"EBERT\",\"description\":\"EBERT ist Ihr Systemlieferant f\u00fcr Prototypen &amp; Kleinserien aus Kunststoff und Metall.\",\"publisher\":{\"@id\":\"https:\\\/\\\/ebert-rt.de\\\/en\\\/#organization\"},\"potentialAction\":[{\"@type\":\"SearchAction\",\"target\":{\"@type\":\"EntryPoint\",\"urlTemplate\":\"https:\\\/\\\/ebert-rt.de\\\/en\\\/?s={search_term_string}\"},\"query-input\":{\"@type\":\"PropertyValueSpecification\",\"valueRequired\":true,\"valueName\":\"search_term_string\"}}],\"inLanguage\":\"en-US\"},{\"@type\":\"Organization\",\"@id\":\"https:\\\/\\\/ebert-rt.de\\\/en\\\/#organization\",\"name\":\"EBERT\",\"url\":\"https:\\\/\\\/ebert-rt.de\\\/en\\\/\",\"logo\":{\"@type\":\"ImageObject\",\"inLanguage\":\"en-US\",\"@id\":\"https:\\\/\\\/ebert-rt.de\\\/en\\\/#\\\/schema\\\/logo\\\/image\\\/\",\"url\":\"https:\\\/\\\/ebert-rt.de\\\/wp-content\\\/uploads\\\/ebert.png\",\"contentUrl\":\"https:\\\/\\\/ebert-rt.de\\\/wp-content\\\/uploads\\\/ebert.png\",\"width\":500,\"height\":500,\"caption\":\"EBERT\"},\"image\":{\"@id\":\"https:\\\/\\\/ebert-rt.de\\\/en\\\/#\\\/schema\\\/logo\\\/image\\\/\"},\"sameAs\":[\"https:\\\/\\\/www.facebook.com\\\/EBERT.RT\\\/\",\"https:\\\/\\\/www.instagram.com\\\/ebert.rt\"]}]}<\/script>\n<!-- \/ Yoast SEO plugin. -->","yoast_head_json":{"title":"Generative Manufacturing &#187; EBERT","description":"3D-Druck: Erstellung von Modellen durch Stereolithografie, Selective Laser Sintering und vielen mehr... Lassen Sie sich beraten! \u2713","robots":{"index":"index","follow":"follow","max-snippet":"max-snippet:-1","max-image-preview":"max-image-preview:large","max-video-preview":"max-video-preview:-1"},"canonical":"https:\/\/ebert-rt.de\/en\/services\/generative-manufacturing\/","og_locale":"en_US","og_type":"article","og_title":"Generative Manufacturing &#187; EBERT","og_description":"3D-Druck: Erstellung von Modellen durch Stereolithografie, Selective Laser Sintering und vielen mehr... Lassen Sie sich beraten! \u2713","og_url":"https:\/\/ebert-rt.de\/en\/services\/generative-manufacturing\/","og_site_name":"EBERT","article_publisher":"https:\/\/www.facebook.com\/EBERT.RT\/","article_modified_time":"2023-02-15T14:14:38+00:00","og_image":[{"width":1994,"height":1321,"url":"https:\/\/ebert-rt.de\/wp-content\/uploads\/Rapid-Prototyping.png","type":"image\/png"}],"twitter_card":"summary_large_image","twitter_misc":{"Est. reading time":"1 minute"},"schema":{"@context":"https:\/\/schema.org","@graph":[{"@type":"WebPage","@id":"https:\/\/ebert-rt.de\/en\/services\/generative-manufacturing\/","url":"https:\/\/ebert-rt.de\/en\/services\/generative-manufacturing\/","name":"Generative Manufacturing &#187; EBERT","isPartOf":{"@id":"https:\/\/ebert-rt.de\/en\/#website"},"primaryImageOfPage":{"@id":"https:\/\/ebert-rt.de\/en\/services\/generative-manufacturing\/#primaryimage"},"image":{"@id":"https:\/\/ebert-rt.de\/en\/services\/generative-manufacturing\/#primaryimage"},"thumbnailUrl":"https:\/\/ebert-rt.de\/wp-content\/uploads\/Rapid-Prototyping.png","datePublished":"2019-07-01T13:37:20+00:00","dateModified":"2023-02-15T14:14:38+00:00","description":"3D-Druck: Erstellung von Modellen durch Stereolithografie, Selective Laser Sintering und vielen mehr... Lassen Sie sich beraten! \u2713","breadcrumb":{"@id":"https:\/\/ebert-rt.de\/en\/services\/generative-manufacturing\/#breadcrumb"},"inLanguage":"en-US","potentialAction":[{"@type":"ReadAction","target":["https:\/\/ebert-rt.de\/en\/services\/generative-manufacturing\/"]}]},{"@type":"ImageObject","inLanguage":"en-US","@id":"https:\/\/ebert-rt.de\/en\/services\/generative-manufacturing\/#primaryimage","url":"https:\/\/ebert-rt.de\/wp-content\/uploads\/Rapid-Prototyping.png","contentUrl":"https:\/\/ebert-rt.de\/wp-content\/uploads\/Rapid-Prototyping.png","width":1994,"height":1321,"caption":"Gummi und"},{"@type":"BreadcrumbList","@id":"https:\/\/ebert-rt.de\/en\/services\/generative-manufacturing\/#breadcrumb","itemListElement":[{"@type":"ListItem","position":1,"name":"Startseite","item":"https:\/\/ebert-rt.de\/en\/"},{"@type":"ListItem","position":2,"name":"SERVICES","item":"https:\/\/ebert-rt.de\/en\/services\/"},{"@type":"ListItem","position":3,"name":"Generative Manufacturing"}]},{"@type":"WebSite","@id":"https:\/\/ebert-rt.de\/en\/#website","url":"https:\/\/ebert-rt.de\/en\/","name":"EBERT","description":"EBERT ist Ihr Systemlieferant f\u00fcr Prototypen &amp; Kleinserien aus Kunststoff und Metall.","publisher":{"@id":"https:\/\/ebert-rt.de\/en\/#organization"},"potentialAction":[{"@type":"SearchAction","target":{"@type":"EntryPoint","urlTemplate":"https:\/\/ebert-rt.de\/en\/?s={search_term_string}"},"query-input":{"@type":"PropertyValueSpecification","valueRequired":true,"valueName":"search_term_string"}}],"inLanguage":"en-US"},{"@type":"Organization","@id":"https:\/\/ebert-rt.de\/en\/#organization","name":"EBERT","url":"https:\/\/ebert-rt.de\/en\/","logo":{"@type":"ImageObject","inLanguage":"en-US","@id":"https:\/\/ebert-rt.de\/en\/#\/schema\/logo\/image\/","url":"https:\/\/ebert-rt.de\/wp-content\/uploads\/ebert.png","contentUrl":"https:\/\/ebert-rt.de\/wp-content\/uploads\/ebert.png","width":500,"height":500,"caption":"EBERT"},"image":{"@id":"https:\/\/ebert-rt.de\/en\/#\/schema\/logo\/image\/"},"sameAs":["https:\/\/www.facebook.com\/EBERT.RT\/","https:\/\/www.instagram.com\/ebert.rt"]}]}},"_links":{"self":[{"href":"https:\/\/ebert-rt.de\/en\/wp-json\/wp\/v2\/pages\/2006","targetHints":{"allow":["GET"]}}],"collection":[{"href":"https:\/\/ebert-rt.de\/en\/wp-json\/wp\/v2\/pages"}],"about":[{"href":"https:\/\/ebert-rt.de\/en\/wp-json\/wp\/v2\/types\/page"}],"author":[{"embeddable":true,"href":"https:\/\/ebert-rt.de\/en\/wp-json\/wp\/v2\/users\/1"}],"replies":[{"embeddable":true,"href":"https:\/\/ebert-rt.de\/en\/wp-json\/wp\/v2\/comments?post=2006"}],"version-history":[{"count":9,"href":"https:\/\/ebert-rt.de\/en\/wp-json\/wp\/v2\/pages\/2006\/revisions"}],"predecessor-version":[{"id":2183,"href":"https:\/\/ebert-rt.de\/en\/wp-json\/wp\/v2\/pages\/2006\/revisions\/2183"}],"up":[{"embeddable":true,"href":"https:\/\/ebert-rt.de\/en\/wp-json\/wp\/v2\/pages\/2004"}],"wp:featuredmedia":[{"embeddable":true,"href":"https:\/\/ebert-rt.de\/en\/wp-json\/wp\/v2\/media\/1105"}],"wp:attachment":[{"href":"https:\/\/ebert-rt.de\/en\/wp-json\/wp\/v2\/media?parent=2006"}],"curies":[{"name":"wp","href":"https:\/\/api.w.org\/{rel}","templated":true}]}}