{"id":2028,"date":"2019-06-27T12:07:49","date_gmt":"2019-06-27T10:07:49","guid":{"rendered":"https:\/\/ebert-rt.de\/unternehmen\/"},"modified":"2023-02-16T10:54:45","modified_gmt":"2023-02-16T09:54:45","slug":"company","status":"publish","type":"page","link":"https:\/\/ebert-rt.de\/en\/company\/","title":{"rendered":"COMPANY"},"content":{"rendered":"<h1>Wir sind EBERT. Wir sind f\u00fcr Sie da.<\/h1>\n<p>Wir verstehen uns als Ihr individueller Probleml\u00f6ser, denn bei uns bekommen Sie wirtschaftliche L\u00f6sungen f\u00fcr komplexe Baugruppen und Aufgabenstellungen aus einer Hand. Ihnen steht dabei jederzeit ein zentraler Ansprechpartner mit branchen\u00fcbergreifendem Know-how zur Seite, der offen f\u00fcr Ihre Problemstellungen ist. Je nach Ihren individuellen Anforderungen begleitet er Sie gem\u00e4\u00df unseres \u201eFull-Service-Engineering\u201c-Prinzips <em>vom CAD-Modell bis hin zur Kleinserie<\/em>.<\/p>\n<p>Als M\u00f6glichmacher ist es f\u00fcr uns selbstverst\u00e4ndlich, dass unser Unternehmen technologisch auf dem neusten Stand ist, um so Ihre Produkte mithilfe einer gro\u00dfen Breite an konventionellen als auch innovativen Herstellungsverfahren effektiv und effizient realisieren zu k\u00f6nnen. Dazu setzen wir voll und ganz auf unser Know-How, denn als leidenschaftliche \u201eQuerdenker\u201c\u00a0 mit hoher technologischer Kompetenz werden Ihre Vorstellungen erm\u00f6glicht \u2013 den Anspruch an absolute Spitzenqualit\u00e4t dabei immer fest im Blick.<\/p>\n<p>In Bezug auf eine nachhaltige Kundenbeziehung ist es uns wichtig, Ihnen maximale Flexibilit\u00e4t und Termintreue zu bieten, damit Sie schnell und effizient zum fertigen Produkt kommen. So entsteht aus Kundenzufriedenheit Kundenbegeisterung.<br \/>\nWir verstehen uns als Partner unserer Kunden, nicht als Erf\u00fcllungsgehilfen. Deshalb arbeiten wir z.B. bei der L\u00f6sungsfindung eng und offen mit Ihnen zusammen. Gemeinsam \u00fcberlegen wir, wie sich Ihr fertiges Produkt weiter verbessern oder erweitern l\u00e4sst.<\/p>\n<h2 class=\"sub-headline\">Menschen. Mit Know-How und Sympathie.<\/h2>\n<p>Es gibt tats\u00e4chlich noch Dinge, mit denen Computer nichts anfangen k\u00f6nnen \u2013 z. B. mit komplexen Fragestellungen und systemischen L\u00f6sungswegen, die vorher auf dieser Welt nicht existierten.<\/p>\n<p>Deshalb nutzen wir zur sauberen Auftragsvorbereitung nach wie vor <a href=\"https:\/\/ebert-rt.de\/en\/kontakt\/\">das Telefon<\/a> im t\u00e4glichen Kontakt mit unseren Kunden. Dieser Austausch \u201eauf menschlicher Ebene\u201c f\u00fchrt meist schneller zu L\u00f6sungsans\u00e4tzen als z. B. das Ausf\u00fcllen eines Anfrageformulars im Internet.<\/p>\n<p><a href=\"https:\/\/ebert-rt.de\/en\/referenzen-2\/\">Unsere Kunden<\/a> sch\u00e4tzen diese Art der direkten, pers\u00f6nlichen Betreuung sehr. Weil sie dadurch nicht nur Zeit sparen, sondern auch einen gewissen Komfort genie\u00dfen.<\/p>\n<h3 class=\"bodytext\"><strong>Unser 5-Punkte-Service-Versprechen<\/strong><\/h3>\n<ul>\n<li>Wir beraten system- und verfahrensneutral, damit Ihre Anwendungen immer im Vordergrund stehen.<\/li>\n<li>Wir sind f\u00fcr Sie im Hinblick auf Technologien und Verfahren immer auf dem neuesten Stand.<\/li>\n<li>Qualit\u00e4t und Termintreue stehen bei uns an erster Stelle.<\/li>\n<li>Wir nutzen f\u00fcr Sie alle Gesch\u00e4ftsverbindungen \u2013 national und international.<\/li>\n<li>Wir sind Profis: Bei der Beratung. Bei der Durchf\u00fchrung. Und beim Service.<\/li>\n<\/ul>\n","protected":false},"excerpt":{"rendered":"<p>Wir sind EBERT. Wir sind f\u00fcr Sie da. Wir verstehen uns als Ihr individueller Probleml\u00f6ser, denn bei uns bekommen Sie wirtschaftliche L\u00f6sungen f\u00fcr komplexe Baugruppen und Aufgabenstellungen aus einer Hand. Ihnen steht dabei jederzeit ein zentraler Ansprechpartner mit branchen\u00fcbergreifendem Know-how zur Seite, der offen f\u00fcr Ihre Problemstellungen ist. Je nach Ihren individuellen Anforderungen begleitet er [&hellip;]<\/p>\n","protected":false},"author":1,"featured_media":0,"parent":0,"menu_order":0,"comment_status":"closed","ping_status":"closed","template":"page-tech-detail.php","meta":{"_acf_changed":false,"content-type":"","footnotes":""},"class_list":["post-2028","page","type-page","status-publish","hentry"],"acf":[],"yoast_head":"<!-- This site is optimized with the Yoast SEO plugin v27.4 - https:\/\/yoast.com\/product\/yoast-seo-wordpress\/ -->\n<title>COMPANY &#187; EBERT<\/title>\n<meta name=\"robots\" content=\"index, follow, max-snippet:-1, max-image-preview:large, max-video-preview:-1\" \/>\n<link rel=\"canonical\" href=\"https:\/\/ebert-rt.de\/en\/company\/\" \/>\n<meta property=\"og:locale\" content=\"en_US\" \/>\n<meta property=\"og:type\" content=\"article\" \/>\n<meta property=\"og:title\" content=\"COMPANY &#187; EBERT\" \/>\n<meta property=\"og:description\" content=\"Wir sind EBERT. Wir sind f\u00fcr Sie da. Wir verstehen uns als Ihr individueller Probleml\u00f6ser, denn bei uns bekommen Sie wirtschaftliche L\u00f6sungen f\u00fcr komplexe Baugruppen und Aufgabenstellungen aus einer Hand. Ihnen steht dabei jederzeit ein zentraler Ansprechpartner mit branchen\u00fcbergreifendem Know-how zur Seite, der offen f\u00fcr Ihre Problemstellungen ist. Je nach Ihren individuellen Anforderungen begleitet er [&hellip;]\" \/>\n<meta property=\"og:url\" content=\"https:\/\/ebert-rt.de\/en\/company\/\" \/>\n<meta property=\"og:site_name\" content=\"EBERT\" \/>\n<meta property=\"article:publisher\" content=\"https:\/\/www.facebook.com\/EBERT.RT\/\" \/>\n<meta property=\"article:modified_time\" content=\"2023-02-16T09:54:45+00:00\" \/>\n<meta name=\"twitter:card\" content=\"summary_large_image\" \/>\n<meta name=\"twitter:label1\" content=\"Est. reading time\" \/>\n\t<meta name=\"twitter:data1\" content=\"2 minutes\" \/>\n<script type=\"application\/ld+json\" class=\"yoast-schema-graph\">{\"@context\":\"https:\\\/\\\/schema.org\",\"@graph\":[{\"@type\":\"WebPage\",\"@id\":\"https:\\\/\\\/ebert-rt.de\\\/en\\\/company\\\/\",\"url\":\"https:\\\/\\\/ebert-rt.de\\\/en\\\/company\\\/\",\"name\":\"COMPANY &#187; EBERT\",\"isPartOf\":{\"@id\":\"https:\\\/\\\/ebert-rt.de\\\/en\\\/#website\"},\"datePublished\":\"2019-06-27T10:07:49+00:00\",\"dateModified\":\"2023-02-16T09:54:45+00:00\",\"breadcrumb\":{\"@id\":\"https:\\\/\\\/ebert-rt.de\\\/en\\\/company\\\/#breadcrumb\"},\"inLanguage\":\"en-US\",\"potentialAction\":[{\"@type\":\"ReadAction\",\"target\":[\"https:\\\/\\\/ebert-rt.de\\\/en\\\/company\\\/\"]}]},{\"@type\":\"BreadcrumbList\",\"@id\":\"https:\\\/\\\/ebert-rt.de\\\/en\\\/company\\\/#breadcrumb\",\"itemListElement\":[{\"@type\":\"ListItem\",\"position\":1,\"name\":\"Startseite\",\"item\":\"https:\\\/\\\/ebert-rt.de\\\/en\\\/\"},{\"@type\":\"ListItem\",\"position\":2,\"name\":\"COMPANY\"}]},{\"@type\":\"WebSite\",\"@id\":\"https:\\\/\\\/ebert-rt.de\\\/en\\\/#website\",\"url\":\"https:\\\/\\\/ebert-rt.de\\\/en\\\/\",\"name\":\"EBERT\",\"description\":\"EBERT ist Ihr Systemlieferant f\u00fcr Prototypen &amp; Kleinserien aus Kunststoff und Metall.\",\"publisher\":{\"@id\":\"https:\\\/\\\/ebert-rt.de\\\/en\\\/#organization\"},\"potentialAction\":[{\"@type\":\"SearchAction\",\"target\":{\"@type\":\"EntryPoint\",\"urlTemplate\":\"https:\\\/\\\/ebert-rt.de\\\/en\\\/?s={search_term_string}\"},\"query-input\":{\"@type\":\"PropertyValueSpecification\",\"valueRequired\":true,\"valueName\":\"search_term_string\"}}],\"inLanguage\":\"en-US\"},{\"@type\":\"Organization\",\"@id\":\"https:\\\/\\\/ebert-rt.de\\\/en\\\/#organization\",\"name\":\"EBERT\",\"url\":\"https:\\\/\\\/ebert-rt.de\\\/en\\\/\",\"logo\":{\"@type\":\"ImageObject\",\"inLanguage\":\"en-US\",\"@id\":\"https:\\\/\\\/ebert-rt.de\\\/en\\\/#\\\/schema\\\/logo\\\/image\\\/\",\"url\":\"https:\\\/\\\/ebert-rt.de\\\/wp-content\\\/uploads\\\/ebert.png\",\"contentUrl\":\"https:\\\/\\\/ebert-rt.de\\\/wp-content\\\/uploads\\\/ebert.png\",\"width\":500,\"height\":500,\"caption\":\"EBERT\"},\"image\":{\"@id\":\"https:\\\/\\\/ebert-rt.de\\\/en\\\/#\\\/schema\\\/logo\\\/image\\\/\"},\"sameAs\":[\"https:\\\/\\\/www.facebook.com\\\/EBERT.RT\\\/\",\"https:\\\/\\\/www.instagram.com\\\/ebert.rt\"]}]}<\/script>\n<!-- \/ Yoast SEO plugin. -->","yoast_head_json":{"title":"COMPANY &#187; EBERT","robots":{"index":"index","follow":"follow","max-snippet":"max-snippet:-1","max-image-preview":"max-image-preview:large","max-video-preview":"max-video-preview:-1"},"canonical":"https:\/\/ebert-rt.de\/en\/company\/","og_locale":"en_US","og_type":"article","og_title":"COMPANY &#187; EBERT","og_description":"Wir sind EBERT. Wir sind f\u00fcr Sie da. Wir verstehen uns als Ihr individueller Probleml\u00f6ser, denn bei uns bekommen Sie wirtschaftliche L\u00f6sungen f\u00fcr komplexe Baugruppen und Aufgabenstellungen aus einer Hand. Ihnen steht dabei jederzeit ein zentraler Ansprechpartner mit branchen\u00fcbergreifendem Know-how zur Seite, der offen f\u00fcr Ihre Problemstellungen ist. Je nach Ihren individuellen Anforderungen begleitet er [&hellip;]","og_url":"https:\/\/ebert-rt.de\/en\/company\/","og_site_name":"EBERT","article_publisher":"https:\/\/www.facebook.com\/EBERT.RT\/","article_modified_time":"2023-02-16T09:54:45+00:00","twitter_card":"summary_large_image","twitter_misc":{"Est. reading time":"2 minutes"},"schema":{"@context":"https:\/\/schema.org","@graph":[{"@type":"WebPage","@id":"https:\/\/ebert-rt.de\/en\/company\/","url":"https:\/\/ebert-rt.de\/en\/company\/","name":"COMPANY &#187; EBERT","isPartOf":{"@id":"https:\/\/ebert-rt.de\/en\/#website"},"datePublished":"2019-06-27T10:07:49+00:00","dateModified":"2023-02-16T09:54:45+00:00","breadcrumb":{"@id":"https:\/\/ebert-rt.de\/en\/company\/#breadcrumb"},"inLanguage":"en-US","potentialAction":[{"@type":"ReadAction","target":["https:\/\/ebert-rt.de\/en\/company\/"]}]},{"@type":"BreadcrumbList","@id":"https:\/\/ebert-rt.de\/en\/company\/#breadcrumb","itemListElement":[{"@type":"ListItem","position":1,"name":"Startseite","item":"https:\/\/ebert-rt.de\/en\/"},{"@type":"ListItem","position":2,"name":"COMPANY"}]},{"@type":"WebSite","@id":"https:\/\/ebert-rt.de\/en\/#website","url":"https:\/\/ebert-rt.de\/en\/","name":"EBERT","description":"EBERT ist Ihr Systemlieferant f\u00fcr Prototypen &amp; Kleinserien aus Kunststoff und Metall.","publisher":{"@id":"https:\/\/ebert-rt.de\/en\/#organization"},"potentialAction":[{"@type":"SearchAction","target":{"@type":"EntryPoint","urlTemplate":"https:\/\/ebert-rt.de\/en\/?s={search_term_string}"},"query-input":{"@type":"PropertyValueSpecification","valueRequired":true,"valueName":"search_term_string"}}],"inLanguage":"en-US"},{"@type":"Organization","@id":"https:\/\/ebert-rt.de\/en\/#organization","name":"EBERT","url":"https:\/\/ebert-rt.de\/en\/","logo":{"@type":"ImageObject","inLanguage":"en-US","@id":"https:\/\/ebert-rt.de\/en\/#\/schema\/logo\/image\/","url":"https:\/\/ebert-rt.de\/wp-content\/uploads\/ebert.png","contentUrl":"https:\/\/ebert-rt.de\/wp-content\/uploads\/ebert.png","width":500,"height":500,"caption":"EBERT"},"image":{"@id":"https:\/\/ebert-rt.de\/en\/#\/schema\/logo\/image\/"},"sameAs":["https:\/\/www.facebook.com\/EBERT.RT\/","https:\/\/www.instagram.com\/ebert.rt"]}]}},"_links":{"self":[{"href":"https:\/\/ebert-rt.de\/en\/wp-json\/wp\/v2\/pages\/2028","targetHints":{"allow":["GET"]}}],"collection":[{"href":"https:\/\/ebert-rt.de\/en\/wp-json\/wp\/v2\/pages"}],"about":[{"href":"https:\/\/ebert-rt.de\/en\/wp-json\/wp\/v2\/types\/page"}],"author":[{"embeddable":true,"href":"https:\/\/ebert-rt.de\/en\/wp-json\/wp\/v2\/users\/1"}],"replies":[{"embeddable":true,"href":"https:\/\/ebert-rt.de\/en\/wp-json\/wp\/v2\/comments?post=2028"}],"version-history":[{"count":3,"href":"https:\/\/ebert-rt.de\/en\/wp-json\/wp\/v2\/pages\/2028\/revisions"}],"predecessor-version":[{"id":2185,"href":"https:\/\/ebert-rt.de\/en\/wp-json\/wp\/v2\/pages\/2028\/revisions\/2185"}],"wp:attachment":[{"href":"https:\/\/ebert-rt.de\/en\/wp-json\/wp\/v2\/media?parent=2028"}],"curies":[{"name":"wp","href":"https:\/\/api.w.org\/{rel}","templated":true}]}}